{"id":28,"date":"2021-05-30T21:56:19","date_gmt":"2021-05-30T19:56:19","guid":{"rendered":"http:\/\/oceanef.cluster028.hosting.ovh.net\/?page_id=28"},"modified":"2026-04-29T16:08:46","modified_gmt":"2026-04-29T14:08:46","slug":"consultation","status":"publish","type":"page","link":"https:\/\/oceane-baubron-dieteticienne.fr\/?page_id=28","title":{"rendered":"Consultations"},"content":{"rendered":"\n<div class=\"wp-block-columns is-layout-flex wp-container-core-columns-is-layout-9d6595d7 wp-block-columns-is-layout-flex\">\n<div class=\"wp-block-column is-layout-flow wp-block-column-is-layout-flow\" style=\"flex-basis:66.66%\">\n<h4 class=\"wp-block-heading\">Dans un premier temps:<\/h4>\n\n\n\n<ul class=\"wp-block-list\">\n<li>&nbsp;&nbsp;&nbsp; Je vous demanderais de noter sur une semaine tout ce que vous mangez en \u00e9tant le plus honn\u00eate.<\/li>\n\n\n\n<li>&nbsp;&nbsp;&nbsp; Ensuite on convient d&rsquo;un premier rendez-vous<\/li>\n<\/ul>\n\n\n\n<h4 class=\"wp-block-heading\">Lors de la premi\u00e8re consultation qui dure 1 heure : tarif 60\u20ac<\/h4>\n\n\n\n<ul class=\"wp-block-list\">\n<li>\u00a0\u00a0\u00a0 Je prends connaissance de vos habitudes alimentaires, ainsi que de votre mode de vie<\/li>\n\n\n\n<li>&nbsp;&nbsp;&nbsp; On d\u00e9finit ensemble les objectifs \u00e0 atteindre, en fonction de votre demande de prise en charge.<\/li>\n\n\n\n<li>\u00a0\u00a0\u00a0 J&rsquo;\u00e9tablis par la suite un document alimentaire personnalis\u00e9 avec les objectifs, les r\u00e9capitulatifs de la consultation et les conseils n\u00e9cessaires.<\/li>\n<\/ul>\n\n\n\n<h4 class=\"wp-block-heading\">Pour les consultations de suivi qui durent 30min : tarif 40\u20ac<\/h4>\n\n\n\n<ul class=\"wp-block-list\">\n<li>&nbsp;15 jours apr\u00e8s notre premier rendez-vous, on fait un point sur vos questions et ressenti par rapport au plan alimentaire <\/li>\n\n\n\n<li>1 mois apr\u00e8s, on fait un bilan sur la prise en charge et \u00e9ventuellement, on red\u00e9finit les objectifs.<\/li>\n<\/ul>\n\n\n\n<p>Ces consultations seront prises en accord avec vous et selon vos besoins.<\/p>\n\n\n\n<p><em><strong>Les consultations de suivi sont tr\u00e8s importantes surtout dans l&rsquo;objectif de perte de poid<\/strong><\/em><strong><em>s ou le suivi d&rsquo;une maladie<\/em><\/strong><\/p>\n\n\n\n<p>Certaines mutuelles prennent en charge les consultations di\u00e9t\u00e9tiques donc renseignez-vous aupr\u00e8s de la v\u00f4tre !<\/p>\n\n\n\n<p>Paiement uniquement en esp\u00e8ce, en ch\u00e8que ou via un virement bancaire.<\/p>\n<\/div>\n\n\n\n<div class=\"wp-block-column is-layout-flow wp-block-column-is-layout-flow\" style=\"flex-basis:33.33%\"><\/div>\n<\/div>\n","protected":false},"excerpt":{"rendered":"<p>Dans un premier temps: Lors de la premi\u00e8re consultation qui dure 1 heure : tarif 60\u20ac Pour les consultations de suivi qui durent 30min : tarif 40\u20ac Ces consultations seront prises en accord avec vous et selon vos besoins. Les consultations de suivi sont tr\u00e8s importantes surtout dans l&rsquo;objectif de perte de poids ou le suivi d&rsquo;une maladie Certaines mutuelles prennent en charge les consultations di\u00e9t\u00e9tiques donc renseignez-vous aupr\u00e8s de la v\u00f4tre ! Paiement uniquement en esp\u00e8ce, en ch\u00e8que ou via un virement bancaire.<\/p>\n","protected":false},"author":1,"featured_media":0,"parent":0,"menu_order":0,"comment_status":"closed","ping_status":"closed","template":"","meta":{"footnotes":""},"class_list":["post-28","page","type-page","status-publish","hentry"],"_links":{"self":[{"href":"https:\/\/oceane-baubron-dieteticienne.fr\/index.php?rest_route=\/wp\/v2\/pages\/28","targetHints":{"allow":["GET"]}}],"collection":[{"href":"https:\/\/oceane-baubron-dieteticienne.fr\/index.php?rest_route=\/wp\/v2\/pages"}],"about":[{"href":"https:\/\/oceane-baubron-dieteticienne.fr\/index.php?rest_route=\/wp\/v2\/types\/page"}],"author":[{"embeddable":true,"href":"https:\/\/oceane-baubron-dieteticienne.fr\/index.php?rest_route=\/wp\/v2\/users\/1"}],"replies":[{"embeddable":true,"href":"https:\/\/oceane-baubron-dieteticienne.fr\/index.php?rest_route=%2Fwp%2Fv2%2Fcomments&post=28"}],"version-history":[{"count":12,"href":"https:\/\/oceane-baubron-dieteticienne.fr\/index.php?rest_route=\/wp\/v2\/pages\/28\/revisions"}],"predecessor-version":[{"id":319,"href":"https:\/\/oceane-baubron-dieteticienne.fr\/index.php?rest_route=\/wp\/v2\/pages\/28\/revisions\/319"}],"wp:attachment":[{"href":"https:\/\/oceane-baubron-dieteticienne.fr\/index.php?rest_route=%2Fwp%2Fv2%2Fmedia&parent=28"}],"curies":[{"name":"wp","href":"https:\/\/api.w.org\/{rel}","templated":true}]}}