{"id":2,"date":"2021-05-27T19:38:30","date_gmt":"2021-05-27T17:38:30","guid":{"rendered":"http:\/\/oceane-baubron-dieteticienne.fr\/?page_id=2"},"modified":"2026-04-29T15:07:07","modified_gmt":"2026-04-29T13:07:07","slug":"page-d-exemple","status":"publish","type":"page","link":"https:\/\/oceane-baubron-dieteticienne.fr\/","title":{"rendered":""},"content":{"rendered":"\n\n\n<figure class=\"wp-block-pullquote is-style-default has-border-color\" style=\"border-color:#ff8cdc\"><blockquote><p><strong>Sp\u00e9cialiste dans la sant\u00e9 de la femme:<\/strong><br>M\u00e9nopause. Endom\u00e9triose. Diab\u00e8te gestationnel. Perte de poids <br><strong>Sp\u00e9cialiste de l&rsquo;alimentation p\u00e9diatrique:<\/strong><br>Nourrisson \u00e0 l&rsquo;adolescence. Diversification alimentaire. Trouble de l&rsquo;oralit\u00e9.<br><strong>R\u00e9f\u00e9rente en Chirurgie Bariatrique<\/strong><br><br><em>Une prise en charge personnalis\u00e9e qui prend en compte vos habitudes alimentaires,<br>votre mode de vie et vos probl\u00e8me<\/em>s de sant\u00e9.<\/p><\/blockquote><\/figure>\n\n\n\n<p class=\"has-text-align-center\"><br>59 avenue de Vend\u00f4me &#8211; 45190 Beaugency<\/p>\n\n\n\n<p class=\"has-text-align-center\">3b rue Honor\u00e9 d&rsquo;Estienne D&rsquo;Orves &#8211; 45100 Orl\u00e9ans<\/p>\n\n\n\n<p class=\"has-text-align-center\">T\u00e9l. <a href=\"tel: +33648063036\">06&nbsp;48&nbsp;06&nbsp;30&nbsp;36<\/a><\/p>\n","protected":false},"excerpt":{"rendered":"<p>Sp\u00e9cialiste dans la sant\u00e9 de la femme:M\u00e9nopause. Endom\u00e9triose. Diab\u00e8te gestationnel. Perte de poids Sp\u00e9cialiste de l&rsquo;alimentation p\u00e9diatrique:Nourrisson \u00e0 l&rsquo;adolescence. Diversification alimentaire. Trouble de l&rsquo;oralit\u00e9.R\u00e9f\u00e9rente en Chirurgie Bariatrique Une prise en charge personnalis\u00e9e qui prend en compte vos habitudes alimentaires,votre mode de vie et vos probl\u00e8mes de sant\u00e9. 59 avenue de Vend\u00f4me &#8211; 45190 Beaugency 3b rue Honor\u00e9 d&rsquo;Estienne D&rsquo;Orves &#8211; 45100 Orl\u00e9ans T\u00e9l. 06&nbsp;48&nbsp;06&nbsp;30&nbsp;36<\/p>\n","protected":false},"author":1,"featured_media":0,"parent":0,"menu_order":0,"comment_status":"closed","ping_status":"open","template":"","meta":{"footnotes":""},"class_list":["post-2","page","type-page","status-publish","hentry"],"_links":{"self":[{"href":"https:\/\/oceane-baubron-dieteticienne.fr\/index.php?rest_route=\/wp\/v2\/pages\/2","targetHints":{"allow":["GET"]}}],"collection":[{"href":"https:\/\/oceane-baubron-dieteticienne.fr\/index.php?rest_route=\/wp\/v2\/pages"}],"about":[{"href":"https:\/\/oceane-baubron-dieteticienne.fr\/index.php?rest_route=\/wp\/v2\/types\/page"}],"author":[{"embeddable":true,"href":"https:\/\/oceane-baubron-dieteticienne.fr\/index.php?rest_route=\/wp\/v2\/users\/1"}],"replies":[{"embeddable":true,"href":"https:\/\/oceane-baubron-dieteticienne.fr\/index.php?rest_route=%2Fwp%2Fv2%2Fcomments&post=2"}],"version-history":[{"count":17,"href":"https:\/\/oceane-baubron-dieteticienne.fr\/index.php?rest_route=\/wp\/v2\/pages\/2\/revisions"}],"predecessor-version":[{"id":301,"href":"https:\/\/oceane-baubron-dieteticienne.fr\/index.php?rest_route=\/wp\/v2\/pages\/2\/revisions\/301"}],"wp:attachment":[{"href":"https:\/\/oceane-baubron-dieteticienne.fr\/index.php?rest_route=%2Fwp%2Fv2%2Fmedia&parent=2"}],"curies":[{"name":"wp","href":"https:\/\/api.w.org\/{rel}","templated":true}]}}